{"id":679,"date":"2014-09-05T23:02:14","date_gmt":"2014-09-05T23:02:14","guid":{"rendered":"http:\/\/www.world-sat-news-center.net\/01\/?page_id=679"},"modified":"2025-03-19T19:47:39","modified_gmt":"2025-03-19T19:47:39","slug":"inf1n1ty-2","status":"publish","type":"page","link":"https:\/\/www.universe.expert\/?page_id=679","title":{"rendered":"ABOUT"},"content":{"rendered":"<p><span style=\"color: #000000;\"><strong>IT Specialist, Administrator, Webmaster, Technician <\/strong>( Informatics \/ IT, Journalism, [Gov.Mil.Int] ) <\/span><\/p>\n<blockquote><p>Witam wszystkich w dziale &#8222;<strong>About Me<\/strong>&#8221; na stronie <a href=\"http:\/\/www.universe.expert\" target=\"_blank\" rel=\"noopener\">www.universe.expert<\/a> B\u0119d\u0119 chcia\u0142 przedstawi\u0107 si\u0119 na wst\u0119pie, nazywam si\u0119 <strong>Patryk Sebastian Wi\u015bniewski<\/strong> (znany te\u017c jako admin: <strong> PHANTOM_1<\/strong>, <strong><a href=\"http:\/\/classic.battle.net\/war3\/ladder\/w3xp-player-profile.aspx?Gateway=Northrend&amp;PlayerName=PHADES\" target=\"_blank\" rel=\"noopener\">PHADES<\/a><\/strong>, <strong> I.Unending<\/strong> \/ <strong><a href=\"http:\/\/steamcommunity.com\/id\/INFINITY_\/\" target=\"_blank\" rel=\"noopener\">INF1N1TY<\/a><\/strong>), jestem niekwalifikowanym <strong>Informatykiem<\/strong>: <strong>Administratorem<\/strong> \/ <strong>Webmasterem<\/strong> \/ <strong>Technikiem<\/strong> (a og\u00f3lnie na co dzie\u0144 zajmuj\u0119 si\u0119 <strong>Informatyk\u0105<\/strong>, <strong>Dziennikarstwem<\/strong> i <strong>Cyber-wywiadem<\/strong>) <a href=\"https:\/\/www.soldierx.com\/users\/INF1N1TY\" target=\"_blank\" rel=\"noopener\">[SoldierX.com]<\/a><\/p>\n<p><img loading=\"lazy\" decoding=\"async\" src=\"https:\/\/www.universe.expert\/wp-content\/uploads\/2025\/03\/admin-1.jpg\" alt=\"\" width=\"512\" height=\"69\" class=\"aligncenter size-full wp-image-724466\" \/><\/p>\n<p><span style=\"color: #000000;\">Swoj\u0105 pasj\u0119 do komputer\u00f3w i og\u00f3lnie sektora informatycznego zacz\u0105\u0142em ponad <b>34 lata<\/b> temu maj\u0105c wtedy 7 lat, zaczynaj\u0105c od komputer\u00f3w <b>8-bitowych<\/b>, w 1988\/1991 <a href=\"https:\/\/www.universe.expert\/wp-content\/ZX Spectrum+.jpg\" target=\"_blank\" rel=\"noopener\">ZX Spectrum+<\/a> nast\u0119pnie w latach 1992\/1993 Commodore 64C, nast\u0119pnie na <b>16-bitow\u0105<\/b> w latach 1994\/1995 <a href=\"https:\/\/www.universe.expert\/wp-content\/Amiga 600.jpg\" target=\"_blank\" rel=\"noopener\">Amig\u0119 600<\/a>&#8230;<\/span><\/p>\n<p>Nast\u0119pnie przechodz\u0105c na <b>32-bitow\u0105<\/b> platform\u0119 <b>IBM PC<\/b> w 1996 na procesorze firmy <b>Intel<\/b> nast\u0119pnie z czasem tak\u017ce na procesorach firmy <b>AMD<\/b>, zaczynaj\u0105c od: <b>DOS<\/b> i programu <b>Norton Commander<\/b>, nast\u0119pnie zaliczaj\u0105c wszystkie systemy operacyjne firmy <b>Microsoft<\/b>, zaczynaj\u0105c od systemu: <b>Windows 3.11<\/b>, nast\u0119pnie na systemie <b>Windows 95<\/b>, system <b>Windows 98SE<\/b>, system <b>Windows 2000 [NT]<\/b>, system <b>Windows XP<\/b>, system <b>Windows VISTA<\/b>, system <b>Windows 7<\/b>, i obecnie funkcjonuj\u0105c na kilku komputerach r\u00f3wnolegle z systemem <b>Windows 10<\/b> na procesorach <b>Intel<\/b> i <b>AMD<\/b> tworz\u0105c swoiste \u015brodowisko czysto u\u017cytkowo-testowe.<\/p>\n<p><u>Pierwsze styczno\u015bci z sieci\u0105 internet mia\u0142em ju\u017c<\/u> <b>w roku 1996<\/b> <u>nast\u0119pnie powa\u017cnie zaczynaj\u0105c w roku 2000<\/u> przesiadaj\u0105c si\u0119 z czasem z naliczania impulsowego po\u0142\u0105czenie telefonicznego 0202122 Telekomunikacji Polskiej na platform\u0119 abonamentow\u0105 Telekomunikacji Polskiej o nazwie Neostrada+ utrzymuj\u0105c stale sie\u0107 internet na r\u00f3\u017cnych platformach po wstrzymaniu us\u0142ugi Neostrada+ przez Telekomunikacj\u0119 Polsk\u0105 na r\u00f3\u017cnych innych us\u0142ugodawcach a\u017c do dnia dzisiejszego.<\/p>\n<p><u>Dzi\u015b obecnie komputery nie maj\u0105 dla mnie prawie \u017cadnych tajemnic<\/u>, praktycznie mog\u0119 <u>dowolnie sk\u0142ada\u0107 komputery<\/u> czy je <u>bezproblemowo serwisowa\u0107 \/ naprawia\u0107<\/u>, <u>w tym obs\u0142uga<\/u>, <u>instalacja wszelkich system\u00f3w<\/u> czy <u>jakiegokolwiek oprogramowania<\/u>, ich <u>naprawa<\/u>, <u>dezistalacje<\/u> <u>nie sprawia \u017cadnego problemu<\/u> id\u0105c dalej <u>po oprogramowania serwerowe<\/u>, <u>oprogramowania <b>CMS<\/b><\/u> i innych nie wymienionych&#8230;<\/p>\n<p><span style=\"color: #000000;\"><span style=\"text-decoration: underline;\">Co do zaj\u0119\u0107 i twor\u00f3w \/ podmiot\u00f3w wirtualnych<\/span> kt\u00f3re zosta\u0142y wykonane i prowadzone przeze mnie do dnia dzisiejszego. Wi\u0119c w <strong>2000<\/strong> \/ <strong>2001<\/strong> roku zosta\u0142 utworzony przeze mnie wirtualny klub na platformie Krakowskiego <\/span><a href=\"http:\/\/www.czat.onet.pl\" target=\"_blank\" rel=\"noopener\"><span style=\"color: #000000;\">www.czat.onet.pl<\/span><\/a><span style=\"color: #000000;\"> r\u00f3wnolegle tak\u017ce z <strong>Wroc\u0142awskim<\/strong> nie istniej\u0105cym <\/span><a href=\"http:\/\/www.sisco.pl\" target=\"_blank\" rel=\"noopener\"><span style=\"color: #000000;\">www.sisco.pl<\/span><\/a><span style=\"color: #000000;\">, i innymi nie wymienionymi, klub dla os\u00f3b o odmiennej orientacji seksualnej (homoseksualist\u00f3w \/ gej\u00f3w, lesbijek, transseksualist\u00f3w, boylover\u00f3w, endofil\u00f3w i innych nie wymienionych) o nazwie <strong>GAY_CLUB<\/strong> prowadzony przeze mnie pod pseudonimem \/ nickiem \/ loginem <strong>PHANTOM_1.<\/strong> Wi\u0119cej informacji o tej produkcji i rozwoju znajduje si\u0119 <\/span><a href=\"\/?p=1223\" target=\"_blank\" rel=\"noopener\"><span style=\"color: #000000;\">&#8222;tutaj&#8221;<\/span><\/a><\/p>\n<p><span style=\"color: #000000;\"><u>Natomiast z innych podmiot\u00f3w w 2004 roku zosta\u0142 utworzony portal <strong>The Rover 75 Seventy Five<\/strong><\/u> na adresie \/ domenie <a href=\"http:\/\/www.rover75.prv.pl\" target=\"_blank\" rel=\"noopener\"><span style=\"color: #000000;\">www.rover75.prv.pl<\/span><\/a> po\u015bwi\u0119cony brytyjskiej limuzynie <strong>Rovera<\/strong> kt\u00f3ry ratowa\u0142 stan firmy, portal zawiera\u0142 wszelkie opisy, artyku\u0142u, zbiory, galerie, testy,fora tematyczne z ca\u0142ego \u015bwiata, jednak firma zbankrutowa\u0142a co przyczyni\u0142o si\u0119 do zamkni\u0119cia portalu w 2007 roku.<\/span><\/p>\n<p><span style=\"color: #000000;\"><u>W Styczniu 2008 roku zosta\u0142 utworzony przeze mnie portal <strong>The BMW Center<\/strong><\/u> na nie aktywnym adresie \/ domenie <\/span><a href=\"http:\/\/www.Bmw-Center.com.pl\" target=\"_blank\" rel=\"noopener\"><span style=\"color: #000000;\">www.bmw-center.com.pl<\/span><\/a><span style=\"color: #000000;\">, kt\u00f3ry posiada\u0142 wszelkie opisy, artyku\u0142y, zbiory, testy, fora tematyczne z ca\u0142ego \u015bwiata na temat marki \/ firmy i wszystkich pojazd\u00f3w firmy <strong>BMW<\/strong>, uzyskuj\u0105c ponad<strong> 1.500.000<\/strong> ods\u0142on do <strong>2013<\/strong> roku. Z powodu nowego projektu World SAT News Center portal <strong>The BMW Center<\/strong> zosta\u0142 zamkni\u0119ty.<\/span><\/p>\n<p><span style=\"color: #000000;\"><u>Nast\u0119pnie zosta\u0142 utworzony obecny portal<\/u> na domenie <a href=\"http:\/\/www.universe.expert\" target=\"_blank\" rel=\"noopener\">www.universe.expert<\/a>, <u>jest to strona \/ wizyt\u00f3wka mojej osoby <\/u>z baz\u0105 danych kt\u00f3ra <u>by\u0142a budowana dos\u0142ownie przez kilkana\u015bcie lat<\/u>, te wszystkie kategorie, grupy, linki i inne nie wymienione, <u>kategorie kt\u00f3re fascynowa\u0142y mnie od lat<\/u>, wszystko zawarte jest na tej stronie i w miar\u0119 up\u0142ywu czasu ca\u0142e bazy danych <u>b\u0119d\u0105 aktualizowane<\/u> i dodawane n<u>owe mo\u017cliwe kategorie<\/u> i inne bli\u017cej nie okre\u015blone zasoby. <\/span><\/p>\n<p>Obecnie w roku 2022 do domeny <u>www.universe.expert<\/u> zosta\u0142o dodane szyfrowanie <b>SSL \/ https:\/\/<\/b> <u>daj\u0105c go\u015bciom i u\u017cytkownikom portalu ca\u0142kowit\u0105 pewno\u015b\u0107 co do to\u017csamo\u015bci witryny i szyfrowania wszelkich danych<\/u> w tym takich jak has\u0142a u\u017cytkownik\u00f3w i innych nie wymienionych.<\/p>\n<p><span style=\"color: #000000;\"><u>Nast\u0119pnie prowadzone s\u0105 prace nad utworzeniem nowego portalu<\/u><b>World SAT News Center<\/b> na adresie \/ domenie <a href=\"http:\/\/www.world-sat-news-center.net\" target=\"_blank\" rel=\"noopener\"><span style=\"color: #000000;\">www.world-sat-news-center.net<\/span><\/a> zwi\u0105zanego z sektorem prasy i medi\u00f3w ca\u0142ego \u015awiata <i>(agencje prasowe, elektroniczne wydawnictwa gazet papierowych, portale internetowe, portale stacji telewizyjnych w tym dostawc\u00f3w telewizji satelitarnej)<\/i> w tym sektora Rz\u0105dowego, Wojskowo\u015bci i Wywiadu i innych niewymienionych. <\/span><\/p>\n<p><u>Co do rodziny i drzewa genealogicznego<\/u>, jako rodzina <u>posiadamy swoje konto w najwi\u0119kszym tego typu portalu<\/u> jak sam Facebook, portal <u>Geni.com<\/u> <i>(link do naszej rodziny <a href=\"https:\/\/www.geni.com\/family-tree\/canvas\/6000000017962406792\">tutaj<\/a>)<\/i> <u>mamy ponad <b>100<\/b> zapisanych cz\u0142onk\u00f3w rodziny.<\/u> <\/p>\n<p><span style=\"color: #000000;\"><u>Dalej kwestia medi\u00f3w i prasy<\/u> (wi\u0119cej o mediach <a href=\"http:\/\/www.universe.expert\/?page_id=94\" target=\"_blank\" rel=\"noopener\">&#8222;tutaj&#8221;<\/a>), praktycznie to od tego dzia\u0142u zaczyna\u0142em, \u015bwiatowe <a href=\"http:\/\/www.universe.expert\/?p=3634\" target=\"_blank\" rel=\"noopener\">agencje prasowe<\/a>, elektroniczne wydawnictwa <a href=\"http:\/\/www.universe.expert\/?p=1730\" target=\"_blank\" rel=\"noopener\">gazet<\/a> papierowych, portale i <a href=\"http:\/\/www.universe.expert\/?p=362686\" target=\"_blank\" rel=\"noopener\">strony<\/a> stacji telewizyjnych <u>dos\u0142ownie z ca\u0142ego globu<\/u>, we wszystkich tego typu podmiotach mam rejestracje i pobieram wa\u017cne dla mnie informacje i inne nie wymienione. <u>Praktycznie w okre\u015blonych porach wykonuje przegl\u0105d<\/u> medi\u00f3w <u>g\u0142\u00f3wnie Europejskich<\/u>, wykonuje notatki, opisy, video i foto <u>nast\u0119pnie wykonuje raporty i \u015bl\u0119 je do wsp\u00f3\u0142pracuj\u0105cych podmiot\u00f3w prasy \/ medi\u00f3w<\/u> i podmiot\u00f3w rz\u0105dowo-wywiadowczych.<br \/>\n<\/span><\/p>\n<p><u>Co do medi\u00f3w spo\u0142eczno\u015bciowych mam konta na najbardziej popularnych portalach<\/u> takich jak <u>Facebook.com<\/u>, <u>Twitter.com<\/u>, <u>GoldenLine.pl<\/u> i <u>LinkedIn.com<\/u>. <u>Na platformie Facebook uzyska\u0142em oko\u0142o 400 konkretnych os\u00f3b<\/u>, kt\u00f3re sk\u0142adaj\u0105 si\u0119 <u>z administrator\u00f3w r\u00f3\u017cnych grup tematycznych<\/u> takich jak <u>Astronomia<\/u> i <u>Astronautyka<\/u>, <u>Targeted Individuals<\/u>, <u>Teorie Spiskowe<\/u>, <u>UFO &amp; Aliens<\/u>, <u>Zjawsika Paranormalne<\/u>, <u>ko\u0144cz\u0105c na naukach \u015bcis\u0142ych<\/u> jak administratorzy grup zwi\u0105zanych z <u>Matematyk\u0105<\/u>, <u>Fizyk\u0105<\/u> i <u>Chemi\u0105<\/u> i innymi niewymienionymi. <u>Praktycznie owi administratorzy s\u0105 rdzeniem moich znajomo\u015bci<\/u>, informujemy si\u0119 i jeste\u015bmy sobie wzajemnie do dyspozycji, reszta kontakt\u00f3w z tych os\u00f3b to bardzo bliscy znajomi i konkretni cz\u0142onkowie rodziny.<\/p>\n<p><span style=\"color: #000000;\"><strong>A tak ju\u017c marginalnie chcia\u0142bym przedstawi\u0107 sekcje moich kierunk\u00f3w grup GoldenLine.pl kt\u00f3re szczerze polecam:<\/strong><\/span><\/p>\n<p>1. <a title=\"Administratorzy Windows\" href=\"http:\/\/www.goldenline.pl\/grupy\/Komputery_Internet\/administratorzy-windows\/\" target=\"_blank\" rel=\"noopener\">Administratorzy Windows <\/a>Grupa dla administrator\u00f3w pracuj\u0105cych z systemami Windows.<\/p>\n<p>2. <a title=\"Bazy Danych\" href=\"http:\/\/www.goldenline.pl\/grupy\/Komputery_Internet\/bazy-danych\/\" target=\"_blank\" rel=\"noopener\">Bazy Danych <\/a>Zagadnienia bazodanowe: SQL99 i jego implementacje w popularnych systemach RDBMS: Oracle, MySQL, &#8230;<\/p>\n<p>3. <a title=\"Doradztwo IT\" href=\"http:\/\/www.goldenline.pl\/grupy\/Komputery_Internet\/doradztwo-it\/\" target=\"_blank\" rel=\"noopener\">Doradztwo IT <\/a> Grupa dla os\u00f3b interesuj\u0105cych si\u0119 doradztwem IT (doradztwem informatycznym). Czy taka ga\u0142\u0105\u017a dorad&#8230;<\/p>\n<p>4. <a title=\"IT Security\" href=\"http:\/\/www.goldenline.pl\/grupy\/Komputery_Internet\/it-security\/\" target=\"_blank\" rel=\"noopener\">IT Security <\/a> Specjalisci dziedziny IT Security \u0142\u0105czcie si\u0119!<\/p>\n<p>5. <a title=\"IT World\" href=\"http:\/\/www.goldenline.pl\/grupy\/Komputery_Internet\/it-world\/\" target=\"_blank\" rel=\"noopener\">IT World <\/a> Wszystko co chcia\u0142by\u015b wiedzie\u0107 o IT oraz Telco.<\/p>\n<p>6. <a href=\"http:\/\/www.goldenline.pl\/grupy\/Komputery_Internet\/mysql\/\" target=\"_blank\" rel=\"noopener\">MySQL <\/a>Wszystko co zwiazane z bazami MySQL.<\/p>\n<p>7. <a title=\"Nanomateria\u0142y i nanotechnologie\" href=\"http:\/\/www.goldenline.pl\/grupy\/Komputery_Internet\/mysql\/\" target=\"_blank\" rel=\"noopener\">Nanomateria\u0142y i nanotechnologie<\/a> Dla wszystkich zainteresowanych nanomateria\u0142ami i nanotechnologia. pytania, porady. mozliwosci&#8230;<\/p>\n<p>8. <a title=\"Serwery Sieciowe\" href=\"http:\/\/www.goldenline.pl\/grupy\/Komputery_Internet\/serwery-sieciowe\/\" target=\"_blank\" rel=\"noopener\">Serwery Sieciowe <\/a> Grupa kierowana do os\u00f3b zajmuj\u0105cych si\u0119 serwerami sieciowymi opartymi na Windows \/ Linux.<\/p>\n<p>9. <a title=\"Sieci Komputerowe\" href=\"http:\/\/www.goldenline.pl\/grupy\/Komputery_Internet\/sieci-komputerowe\/\" target=\"_blank\" rel=\"noopener\">Sieci Komputerowe <\/a>Wszystko o szeroko poj\u0119tej tematyce sieci komputerowych.<\/p>\n<p>10. <a title=\"RYNEK IT\" href=\"http:\/\/www.goldenline.pl\/grupy\/Komputery_Internet\/rynek-it\/\" target=\"_blank\" rel=\"noopener\">RYNEK IT <\/a> Firmy i specjali\u015bci rynku IT.<\/p>\n<p>11. <a title=\"PHP\" href=\"http:\/\/www.goldenline.pl\/grupy\/Komputery_Internet\/php\/\" target=\"_blank\" rel=\"noopener\">PHP <\/a> Dla programist\u00f3w PHP.<\/p>\n<p>12. <a title=\"Informatyka i nie tylko...\" href=\"http:\/\/www.goldenline.pl\/grupy\/Komputery_Internet\/informatyka-i-nie-tylko\/\" target=\"_blank\" rel=\"noopener\">Informatyka i nie tylko&#8230; <\/a> Grupa zainteresowana Informatyk\u0105, Administracj\u0105, Sieciami, Programami &#8211; problemami, ciekawostkami &#8230;<\/p>\n<p>13. <a title=\"Dziennikarstwo internetowe\" href=\"http:\/\/www.goldenline.pl\/grupy\/Media_i_dziennikarstwo\/dziennikarstwo-internetowe\/\" target=\"_blank\" rel=\"noopener\">Dziennikarstwo internetowe <\/a> Grupa dla pracownik\u00f3w medi\u00f3w internetowych, bloger\u00f3w i pasjonat\u00f3w internetu.<\/p>\n<p>14. <a title=\"Astronomia\" href=\"http:\/\/www.goldenline.pl\/grupy\/Zainteresowania\/astronomia\/\" target=\"_blank\" rel=\"noopener\">Astronomia <\/a> Dla pasjonat\u00f3w nocnego nieba, teleskop\u00f3w i wszystkiego co jest zwi\u0105zane z astronomi\u0105!<\/p>\n<p>15. <a title=\"Astronautyka\" href=\"http:\/\/www.goldenline.pl\/grupy\/Zainteresowania\/astronautyka\/\" target=\"_blank\" rel=\"noopener\">Astronautyka <\/a>Grupa dla sympatk\u00f3w tematyki kosmicznej.<\/p>\n<p>16. <a title=\"A.I.\" href=\"http:\/\/www.goldenline.pl\/grupy\/Komputery_Internet\/a-i\/\" target=\"_blank\" rel=\"noopener\">A.I.<\/a> Artificial Intelligence czyli wszystko o sztucznej inteligencje w wydaniu golden line.<\/p>\n<p>17. <a title=\"S\u0142u\u017cby Specjalne\" href=\"http:\/\/www.goldenline.pl\/grupy\/Zainteresowania\/sluzby-specjalne\/\" target=\"_blank\" rel=\"noopener\">S\u0142u\u017cby Specjalne <\/a> Dla zainteresowanych dzia\u0142aniami wywiadu i kontrwywiadu oraz szpiegostwem.<\/p>\n<p>Je\u015bli s\u0105 pytania, uwagi czy sugestie odno\u015bnie strony, prosz\u0119 o kontakt mailowy.<\/p>\n<p><span style=\"font-family:tahoma,geneva,sans-serif;\"><span style=\"font-size: 9px;\"><strong><span style=\"color:#FF0000;\">Nota prawna<\/span><\/strong><\/span> <span style=\"font-size: 9px;color:#000000;\">&#8211; Strona www.universe.expert nie jest podmiotem komercyjnym (.com) czy te\u017c nie jest podmiotem zarejestrowanej organizacji (.org) rejestrowan\u0105 sp\u00f3\u0142k\u0105 Z.O.O. ko\u0144cz\u0105c na sp\u00f3\u0142ce akcyjnej ale podmiotem o charakterze czysto informacyjnym, podlegaj\u0105cej i szanuj\u0105cej przepisy prawne zw\u0142aszcza ustawy o dost\u0119pie do informacji publicznych Dz. U. z 2022 r. poz. 902, ustawy o ochronie danych osobowych Dz. U. z 2019 r. poz. 1781 a tak\u017ce bazuj\u0105ca na konstytucyjnym prawie o Wolno\u015bci s\u0142owa Art. 54<\/span><\/p>\n<p><span style=\"font-family:tahoma,geneva,sans-serif;color:#ff0000;\"><span style=\"font-size: 9px;\"><strong>Dz. U. z 2022 r. poz. 902<\/strong><\/span> <span style=\"font-size: 9px;color:#000000;\">Ustawa o dost\u0119pie do informacji publicznej, wi\u0119cej o ustawie <a href=\"https:\/\/isap.sejm.gov.pl\/isap.nsf\/DocDetails.xsp?id=WDU20220000902\">&#8222;tutaj&#8221;<\/a> i <a href=\"https:\/\/www.gov.pl\/web\/gov\/szukaj?query=Ustawa+o+dost%C4%99pie+do+informacji+publicznej&#038;category=kategoria&#038;page=1&#038;size=25\">&#8222;tutaj&#8221;<\/a> i <a href=\"https:\/\/bip.warszawa.wsa.gov.pl\/276\/ustawa-o-dostepie-do-informacji-publicznej.html\">&#8222;tutaj&#8221;<\/a> <\/p>\n<p><span style=\"font-family:tahoma,geneva,sans-serif;color:#ff0000;\"><span style=\"font-size: 9px;\"><strong>Dz.U. 2019 poz. 1781<\/strong><\/span> <span style=\"font-size: 9px;color:#000000;\">Ustawa o o ochronie danych osobowych, wi\u0119cej o ustawie <a href=\"https:\/\/isap.sejm.gov.pl\/isap.nsf\/DocDetails.xsp?id=WDU20190001781\">&#8222;tutaj&#8221;<\/a> i <a href=\"https:\/\/www.gov.pl\/web\/gov\/szukaj?scope=psse-gniezno&#038;query=Ustawa+o+ochronie+danych+osobowych\">&#8222;tutaj&#8221;<\/a><\/p>\n<p><span style=\"font-family:tahoma,geneva,sans-serif;\"><span style=\"font-size: 9px;\"><strong><span style=\"color:#FF0000;\">Art. 54 &#8211; Wolno\u015b\u0107 s\u0142owa<\/span><\/strong><span style=\"color:#000000;\"> &#8211; Ustawa Art. 54 o Wolno\u015bci s\u0142owa stwierdza i\u017c: 1. Ka\u017cdemu zapewnia si\u0119 wolno\u015b\u0107 wyra\u017cania swoich pogl\u0105d\u00f3w oraz pozyskiwania i rozpoiwszechniania informacji. Dodatkowo: 2. Cenzura prewencyjna \u015brodk\u00f3w spo\u0142ecznego przekazu oraz koncesjonowanie prasy s\u0105 zakazane. Wi\u0119cej o art. 54 <a href=\"https:\/\/bip.brpo.gov.pl\/pl\/kategoria-konstytucyjna\/art-54-wolnosc-slowa\">&#8222;tutaj&#8221;<\/a><\/span><\/span><\/span><\/p>\n<p><img loading=\"lazy\" decoding=\"async\" src=\"\/glob.jpg\" alt=\"\" width=\"251\" height=\"135\" \/><img loading=\"lazy\" decoding=\"async\" src=\"\/biuro.jpg\" alt=\"\" width=\"180\" height=\"135\" \/><\/p>\n<p><span style=\"color: #000000;\"><strong>Patryk Sebastian Wi\u015bniewski\u200b &#8222;INF1N1TY&#8221;<\/strong><br \/>\nW\u0142a\u015bciciel, Administrator \/ Webmaster<\/span><br \/>\n<span style=\"color: #0000ff;\">www.Universe.Expert<\/span><\/p>\n<p><strong>Email 1: <\/strong><span style=\"color: #0000ff;\">infinity.sci.fi@universe.expert<\/span><br \/>\n<strong>Email 2: <\/strong><span style=\"color: #0000ff;\">infinity.sci.fi@gmail.com<\/span><span style=\"color: #0000ff;\"><br \/>\n<\/span><\/p>\n<p><\/span><\/span><\/span><\/span><\/span><\/p><\/blockquote>\n","protected":false},"excerpt":{"rendered":"<p>IT Specialist, Administrator, Webmaster, Technician ( Informatics \/ IT, Journalism, [Gov.Mil.Int] ) Witam wszystkich w dziale &#8222;About Me&#8221; na stronie www.universe.expert B\u0119d\u0119 chcia\u0142 przedstawi\u0107 si\u0119 na wst\u0119pie, nazywam si\u0119 Patryk Sebastian Wi\u015bniewski (znany te\u017c jako admin: PHANTOM_1, PHADES, I.Unending \/ INF1N1TY), jestem niekwalifikowanym Informatykiem: Administratorem \/ Webmasterem \/ Technikiem (a og\u00f3lnie na co dzie\u0144 zajmuj\u0119 [&hellip;]<\/p>\n","protected":false},"author":1,"featured_media":0,"parent":0,"menu_order":2,"comment_status":"closed","ping_status":"closed","template":"","meta":{"footnotes":""},"class_list":["post-679","page","type-page","status-publish","hentry"],"_links":{"self":[{"href":"https:\/\/www.universe.expert\/index.php?rest_route=\/wp\/v2\/pages\/679","targetHints":{"allow":["GET"]}}],"collection":[{"href":"https:\/\/www.universe.expert\/index.php?rest_route=\/wp\/v2\/pages"}],"about":[{"href":"https:\/\/www.universe.expert\/index.php?rest_route=\/wp\/v2\/types\/page"}],"author":[{"embeddable":true,"href":"https:\/\/www.universe.expert\/index.php?rest_route=\/wp\/v2\/users\/1"}],"replies":[{"embeddable":true,"href":"https:\/\/www.universe.expert\/index.php?rest_route=%2Fwp%2Fv2%2Fcomments&post=679"}],"version-history":[{"count":327,"href":"https:\/\/www.universe.expert\/index.php?rest_route=\/wp\/v2\/pages\/679\/revisions"}],"predecessor-version":[{"id":724419,"href":"https:\/\/www.universe.expert\/index.php?rest_route=\/wp\/v2\/pages\/679\/revisions\/724419"}],"wp:attachment":[{"href":"https:\/\/www.universe.expert\/index.php?rest_route=%2Fwp%2Fv2%2Fmedia&parent=679"}],"curies":[{"name":"wp","href":"https:\/\/api.w.org\/{rel}","templated":true}]}}