{"id":347983,"date":"2017-01-17T14:33:21","date_gmt":"2017-01-17T14:33:21","guid":{"rendered":"http:\/\/www.universe.expert\/?page_id=347983"},"modified":"2025-03-17T08:31:04","modified_gmt":"2025-03-17T08:31:04","slug":"data-base","status":"publish","type":"page","link":"https:\/\/www.universe.expert\/?page_id=347983","title":{"rendered":"DataBase"},"content":{"rendered":"<blockquote><p><b>Bazy Danych B2B i B2C<\/b> Witam w dziale Baz Danych, <span style=\"text-decoration-line: underline;\">w owym dziale znajduj\u0105 si\u0119 profesjonalne firmy<\/span> kt\u00f3re maj\u0105 w ofercie bazy danych mailingowe firm w najr\u00f3\u017cniejszych i licznych kategoriach, pocz\u0105wszy od regionalnych po sp\u00f3\u0142ki, czy bran\u017ce budowlane, motoryzacyjne, medyczn\u0105, transportow\u0105, szkolnictwa, agencji reklamowych, informatyczn\u0105, noclegow\u0105, turystyczn\u0105 przedszkoln\u0105, szkoln\u0105, gastronomiczn\u0105, architektoniczn\u0105, sklep\u00f3w internetowych, produkcji i hurtu, hotelarsk\u0105, restauracji i kawiarni, fryzjerstwa, instytucji publicznych a\u017c po urz\u0119dy i urz\u0119dy lokalna a tak\u017ce wiele wiele innych nie wymienionych&#8230;<\/p>\n<p><img decoding=\"async\" src=\"http:\/\/www.universe.expert\/wp-content\/DB1.jpg\" alt=\"\" width=\"480\"\/><\/p>\n<p>Praktycznie bazy danych mog\u0105 pocz\u0105tkowo s\u0142u\u017cy\u0107 <span style=\"text-decoration: underline;\">do kampanii reklamowych<\/span> czy <span style=\"text-decoration: underline;\">informacyjnych<\/span>, jednak jest jeszcze inne zastosowanie, <span style=\"text-decoration: underline;\">mowa o u\u017cyciu danych do specjalnych powiadomie\u0144 ca\u0142ej zaznaczonej spo\u0142eczno\u015bci danej kategorii<\/span> o dowolnej sprawie czy przekazie materia\u0142\u00f3w w postaci najr\u00f3\u017cniejszych dokument\u00f3w, najwi\u0119ksz\u0105 warto\u015b\u0107 w takich bazach b\u0119d\u0105 widzieli <span style=\"text-decoration: underline;\">administratorzy i hakerzy<\/span>, chc\u0105c za jednym zamachem przez form\u0119 mass mail <span style=\"text-decoration: underline;\">powiadomi\u0107 od kilkudziesi\u0119ciu tysi\u0119cy po kilkaset a nawet milion\u00f3w prywatnych podmiot\u00f3w<\/span> w tym podmiot\u00f3w biznesowych, urz\u0119dowych czy rz\u0105dowych. <span style=\"text-decoration: underline;\">Skutki przesy\u0142u takich wiadomo\u015bci mog\u0105 przeogromne<\/span> tak szkodliwe tak te\u017c po\u017cyteczne zale\u017cne od wyznaczonego celu&#8230;<\/p>\n<p><b><span style=\"color: #ff0000;\">Bazy Danych<\/span>&nbsp;<span style=\"color: #ff0000;\">B2B i B2C<\/span>&nbsp;<\/b>&#8211; <span style=\"text-decoration: underline;\">Tu przedstawiam firmy dostawc\u00f3w<\/span> wspomnianych baz danych, przer\u00f3\u017cnych i dos\u0142ownie przelicznych kategorii, <span style=\"text-decoration: underline;\">praktycznie to rdze\u0144 tego typu firm w Polskiej sieci internet<\/span> idealnie wyselekcjonowany&#8230; (wszelkie dost\u0119pne bazy danych s\u0105 w formacie Excel).<\/p>\n<p><span style=\"color: #000000;\"><strong>&nbsp;<span style=\"color: #ff0000;\">&gt;<\/span><\/strong>&nbsp;<span style=\"color: #ff0000;\"><a style=\"color: #ff0000;\" href=\"http:\/\/bazybiznesowe.com.pl\/\" target=\"_blank\" rel=\"noopener\">www.BazyBiznesowe.com.pl<\/a><\/span>&nbsp;&#8211;&nbsp;Agencja Marketingu Internetowego i Biznesowych Baz Danych<\/span><\/p>\n<p><strong><span style=\"color: #ff0000;\">&nbsp;&gt;<\/span><\/strong>&nbsp;<a href=\"http:\/\/www.bazydanych.eu\/index.php\" target=\"_blank\" rel=\"noopener\">www.BazyDanych.eu<\/a>&nbsp;&#8211;&nbsp;Grupa Wydawnicza Pegaz&nbsp; Sp. z o.o. &nbsp;Profesjonalne Bazy Firm i Instytucji.<\/p>\n<p><span style=\"color: #000000;\"><strong>&nbsp;<span style=\"color: #ff0000;\">&gt;<\/span><\/strong> <a href=\"http:\/\/www.tur-bazy.pl\/\" target=\"_blank\" rel=\"noopener\">www.Tur-Bazy.pl<\/a>&nbsp;&#8211; Grupa STBI Sp. z o.o. Bazy danych do bran\u017cy turystycznej<\/span><\/p>\n<p><span style=\"color: #000000;\"><span class=\"a0sz\"><strong>&nbsp;<span style=\"color: #ff0000;\">&gt;<\/span><\/strong>&nbsp;<a href=\"http:\/\/www.falcom.pl\/index.php?go=cennik\" target=\"_blank\" rel=\"noopener\">www.Falcom.pl<\/a>&nbsp;<\/span><span class=\"a0sz\">&#8211; Doradztwo Gospodarcze &#8211; FALCOM<\/span><\/span><\/p>\n<p><strong><span style=\"color: #ff0000;\">&nbsp;&gt;<\/span><\/strong> <a href=\"http:\/\/b2bbank.pl\/zakup-bazy-sklep.html\" target=\"_blank\" rel=\"noopener\">www.B2Bbank.pl<\/a>&nbsp;&#8211; EMMU B2B Bank Polska &#8211; (Solidne i du\u017ce ilo\u015bci bazy danych).<\/p>\n<p><strong><span style=\"color: #ff0000;\">&nbsp;&gt;<\/span><\/strong>&nbsp;<a href=\"http:\/\/www.abmmedia.com.pl\/index.php\/content\/view\/slug\/bazy-firm-polskich\" target=\"_blank\" rel=\"noopener\">www.ABMmedia.com.pl<\/a>&nbsp;&#8211;&nbsp;ABMmedia INFOrmacje FACHOWE &#8211; (Bardzo du\u017ca ilo\u015b\u0107 i r\u00f3\u017cnorodno\u015b\u0107 baz danych).<\/p>\n<p><span style=\"color: #000000;\"><span class=\"a0sz\"><span style=\"color: #ff0000;\"><strong>&nbsp;&gt;<\/strong><\/span>&nbsp;<u><a href=\"https:\/\/www.bazateleadresowa.com.pl\/bazy-firm.html\" target=\"_blank\" rel=\"noopener\">www.BazaTeleadresowa.com.pl<\/a><\/u><\/span><span class=\"a0sz\">&nbsp;&#8211;&nbsp;Bazateleadresowa.com.pl<\/span><\/span><\/p>\n<p><span style=\"color: #000000;\"><span class=\"a0sz\"><strong>&nbsp;<span style=\"color: #ff0000;\">&gt;<\/span>&nbsp;<\/strong><a href=\"http:\/\/bazy-danych.biz\/\" target=\"_blank\" rel=\"noopener\">www.Bazy-Danych.biz<\/a>&nbsp;<\/span><span class=\"a0sz\">&#8211; Bazy-Danych.biz &#8211; Najwi\u0119ksze bazy na rynku, 7 mln rekord\u00f3w&nbsp;<\/span><\/span><\/p>\n<p><span style=\"color: #000000;\"><span class=\"a0sz\">&nbsp;<span style=\"color: #ff0000;\"><strong>&gt;<\/strong><\/span><a href=\"http:\/\/www.e-printec.com.pl\/pl\/baza-mailingowa-b2b\" target=\"_blank\" rel=\"noopener\">&nbsp;www.E-Printec.com.p<\/a>l<\/span><span class=\"a0sz\">&nbsp;&#8211; E-Printec, jeden z najlepszych dostawc\u00f3w baz danych B2B&nbsp;<\/span><\/span><\/p>\n<p><span style=\"color: #000000;\"><span class=\"a0sz\"><strong>&nbsp;<span style=\"color: #ff0000;\">&gt;<\/span><\/strong>&nbsp;<a href=\"http:\/\/www.bazyb2b.pl\/\" target=\"_blank\" rel=\"noopener\">www.Bazyb2b.pl<\/a>&nbsp;&#8211;&nbsp;Euroadres Polska bazyb2b.pl<\/span><\/span><\/p>\n<p><span style=\"color: #000000;\"><span class=\"a0sz\"><strong>&nbsp;<span style=\"color: #ff0000;\">&gt;<\/span><\/strong><a href=\"http:\/\/www.interclick.pl\/pl\/oferta\/bazy-b2b-mailingi\" target=\"_blank\" rel=\"noopener\">&nbsp;www.Interclick.pl<\/a>&nbsp;<\/span><span class=\"a0sz\">&#8211; &nbsp;Ponad 700.000 adres\u00f3w mailowych firm, ponad 1.400.000 wszystkich rekord\u00f3w z informacjami o firmach.<\/span><\/span><\/p>\n<p><span style=\"color: #000000;\"><strong>&nbsp;<span style=\"color: #ff0000;\">&gt;<\/span><\/strong> <a href=\"http:\/\/www.targetmarketing.pl\/bazy-danych-b2b.html\" target=\"_blank\" rel=\"noopener\">www.TargetMarketing.pl<\/a>&nbsp;&#8211;&nbsp;Grupa Marketingowa TAI Sp. z o.o.<\/span><\/p>\n<p><strong><span style=\"color: #ff0000;\">&nbsp;&gt;<\/span><\/strong>&nbsp;<a href=\"http:\/\/www.infobrokering.com.pl\/baza-firm\/\" target=\"_blank\" rel=\"noopener\">www.InfoBrokering.com.pl<\/a>&nbsp;&#8211;&nbsp;InfoBrokering &#8211; Jedena z wi\u0119kszych firm zajmuj\u0105ca si\u0119 bazami firm.<\/p>\n<p><strong><span style=\"color: #ff0000;\">&nbsp;&gt;<\/span><\/strong> <a href=\"http:\/\/www.coig.com.pl\/index.php\" target=\"_blank\" rel=\"noopener\">www.Coig.com.pl<\/a>&nbsp;&#8211;&nbsp;Centralny O\u015brodek Informacji Gospodarczej Sp. z o.o. &nbsp;Bazy administracji, baza szk\u00f3\u0142 w Polsce, baza prawnik\u00f3w, baza lekarzy specjalist\u00f3w i inne niewymienione.<\/p>\n<p><b><span style=\"color: #ff0000;\">Government<\/span>&nbsp;<\/b>&#8211; <span style=\"text-decoration: underline;\">Tu przedstawiam gotowe pliki kontaktowe do pobrania<\/span>&nbsp;(wszelkie dost\u0119pne gotowe kontakty s\u0105 w formacie .contact .group spakowane do formatu .zip) <span style=\"text-decoration: underline;\">Aby wej\u015b\u0107 do dzia\u0142u pakiet\u00f3w kontaktowych<\/span> kliknij <a href=\"http:\/\/www.universe.expert\/?p=352084\">&#8222;tutaj&#8221;<\/a><\/p>\n<p><span style=\"color: #ff0000;\"><strong>Press \/ Media<\/strong><\/span>&nbsp;\u2013 <u>Tu&nbsp;przedstawiam spis kontakt\u00f3w<\/u>&nbsp;poszczeg\u00f3lnych redakcji prasowych wydawnictw gazet papierowych, stacji telewizjnych, wszystko starannie dobrane i wyselekcjonowane, aby przej\u015b\u0107 do listy kontakt\u00f3w kliknij&nbsp;<a href=\"http:\/\/www.universe.expert\/?p=712893\">&#8222;tutaj&#8221;<\/a><\/p>\n<p><span style=\"color: #ff0000;\"><b>Press Agencies<\/b><\/span>&nbsp;\u2013&nbsp;<u>Dalej przedstawiam spis kontakt\u00f3w<\/u>&nbsp;poszczeg\u00f3lnych Agencji Prasowych wszystko starannie dobrane i wyselekcjonowane, aby przej\u015b\u0107 do listy kontakt\u00f3w kliknij&nbsp;<a href=\"http:\/\/www.universe.expert\/?p=712909\">&#8222;tutaj&#8221;<\/a><\/p>\n<p>Je\u015bli s\u0105 pytania, uwagi czy sugestie odno\u015bnie strony, prosz\u0119 o kontakt mailowy.<\/p>\n<p><span style=\"font-family:tahoma,geneva,sans-serif;\"><span style=\"font-size: 9px;\"><strong><span style=\"color:#FF0000;\">Nota prawna<\/span><\/strong><\/span> <span style=\"font-size: 9px;color:#000000;\">&#8211; Strona www.universe.expert nie jest podmiotem komercyjnym (.com) czy te\u017c nie jest podmiotem zarejestrowanej organizacji (.org) rejestrowan\u0105 sp\u00f3\u0142k\u0105 Z.O.O. ko\u0144cz\u0105c na sp\u00f3\u0142ce akcyjnej ale podmiotem o charakterze czysto informacyjnym, podlegaj\u0105cej i szanuj\u0105cej przepisy prawne zw\u0142aszcza ustawy o dost\u0119pie do informacji publicznych Dz. U. z 2022 r. poz. 902, ustawy o ochronie danych osobowych Dz. U. z 2019 r. poz. 1781 a tak\u017ce bazuj\u0105ca na konstytucyjnym prawie o Wolno\u015bci s\u0142owa Art. 54<\/span><\/p>\n<p><span style=\"font-family:tahoma,geneva,sans-serif;color:#ff0000;\"><span style=\"font-size: 9px;\"><strong>Dz. U. z 2022 r. poz. 902<\/strong><\/span> <span style=\"font-size: 9px;color:#000000;\">Ustawa o dost\u0119pie do informacji publicznej, wi\u0119cej o ustawie <a href=\"https:\/\/isap.sejm.gov.pl\/isap.nsf\/DocDetails.xsp?id=WDU20220000902\">&#8222;tutaj&#8221;<\/a> i <a href=\"https:\/\/www.gov.pl\/web\/gov\/szukaj?query=Ustawa+o+dost%C4%99pie+do+informacji+publicznej&#038;category=kategoria&#038;page=1&#038;size=25\">&#8222;tutaj&#8221;<\/a> i <a href=\"https:\/\/bip.warszawa.wsa.gov.pl\/276\/ustawa-o-dostepie-do-informacji-publicznej.html\">&#8222;tutaj&#8221;<\/a> <\/p>\n<p><span style=\"font-family:tahoma,geneva,sans-serif;color:#ff0000;\"><span style=\"font-size: 9px;\"><strong>Dz.U. 2019 poz. 1781<\/strong><\/span> <span style=\"font-size: 9px;color:#000000;\">Ustawa o o ochronie danych osobowych, wi\u0119cej o ustawie <a href=\"https:\/\/isap.sejm.gov.pl\/isap.nsf\/DocDetails.xsp?id=WDU20190001781\">&#8222;tutaj&#8221;<\/a> i <a href=\"https:\/\/www.gov.pl\/web\/gov\/szukaj?scope=psse-gniezno&#038;query=Ustawa+o+ochronie+danych+osobowych\">&#8222;tutaj&#8221;<\/a><\/p>\n<p><span style=\"font-family:tahoma,geneva,sans-serif;\"><span style=\"font-size: 9px;\"><strong><span style=\"color:#FF0000;\">Art. 54 &#8211; Wolno\u015b\u0107 s\u0142owa<\/span><\/strong><span style=\"color:#000000;\"> &#8211; Ustawa Art. 54 o Wolno\u015bci s\u0142owa stwierdza i\u017c: 1. Ka\u017cdemu zapewnia si\u0119 wolno\u015b\u0107 wyra\u017cania swoich pogl\u0105d\u00f3w oraz pozyskiwania i rozpoiwszechniania informacji. Dodatkowo: 2. Cenzura prewencyjna \u015brodk\u00f3w spo\u0142ecznego przekazu oraz koncesjonowanie prasy s\u0105 zakazane. Wi\u0119cej o art. 54 <a href=\"https:\/\/bip.brpo.gov.pl\/pl\/kategoria-konstytucyjna\/art-54-wolnosc-slowa\">&#8222;tutaj&#8221;<\/a><\/span><\/span><\/span><\/p>\n<p><img loading=\"lazy\" decoding=\"async\" src=\"\/glob.jpg\" alt=\"\" width=\"251\" height=\"135\" \/><img loading=\"lazy\" decoding=\"async\" src=\"\/biuro.jpg\" alt=\"\" width=\"180\" height=\"135\" \/><\/p>\n<p><span style=\"color: #000000;\"><strong>Patryk Sebastian Wi\u015bniewski\u200b &#8222;INF1N1TY&#8221;<\/strong><br \/>\nW\u0142a\u015bciciel, Administrator \/ Webmaster<\/span><br \/>\n<span style=\"color: #0000ff;\">www.Universe.Expert<\/span><\/p>\n<p><strong>Email 1: <\/strong><span style=\"color: #0000ff;\">infinity.sci.fi@universe.expert<\/span><br \/>\n<strong>Email 2: <\/strong><span style=\"color: #0000ff;\">infinity.sci.fi@gmail.com<\/span><span style=\"color: #0000ff;\"><br \/>\n<\/span><\/p>\n<p><\/span><\/span><\/span><\/span><\/span><\/p><\/blockquote>\n","protected":false},"excerpt":{"rendered":"<p>Bazy Danych B2B i B2C Witam w dziale Baz Danych, w owym dziale znajduj\u0105 si\u0119 profesjonalne firmy kt\u00f3re maj\u0105 w ofercie bazy danych mailingowe firm w najr\u00f3\u017cniejszych i licznych kategoriach, pocz\u0105wszy od regionalnych po sp\u00f3\u0142ki, czy bran\u017ce budowlane, motoryzacyjne, medyczn\u0105, transportow\u0105, szkolnictwa, agencji reklamowych, informatyczn\u0105, noclegow\u0105, turystyczn\u0105 przedszkoln\u0105, szkoln\u0105, gastronomiczn\u0105, architektoniczn\u0105, sklep\u00f3w internetowych, produkcji i [&hellip;]<\/p>\n","protected":false},"author":1,"featured_media":0,"parent":0,"menu_order":7,"comment_status":"closed","ping_status":"closed","template":"","meta":{"footnotes":""},"class_list":["post-347983","page","type-page","status-publish","hentry"],"_links":{"self":[{"href":"https:\/\/www.universe.expert\/index.php?rest_route=\/wp\/v2\/pages\/347983","targetHints":{"allow":["GET"]}}],"collection":[{"href":"https:\/\/www.universe.expert\/index.php?rest_route=\/wp\/v2\/pages"}],"about":[{"href":"https:\/\/www.universe.expert\/index.php?rest_route=\/wp\/v2\/types\/page"}],"author":[{"embeddable":true,"href":"https:\/\/www.universe.expert\/index.php?rest_route=\/wp\/v2\/users\/1"}],"replies":[{"embeddable":true,"href":"https:\/\/www.universe.expert\/index.php?rest_route=%2Fwp%2Fv2%2Fcomments&post=347983"}],"version-history":[{"count":103,"href":"https:\/\/www.universe.expert\/index.php?rest_route=\/wp\/v2\/pages\/347983\/revisions"}],"predecessor-version":[{"id":724436,"href":"https:\/\/www.universe.expert\/index.php?rest_route=\/wp\/v2\/pages\/347983\/revisions\/724436"}],"wp:attachment":[{"href":"https:\/\/www.universe.expert\/index.php?rest_route=%2Fwp%2Fv2%2Fmedia&parent=347983"}],"curies":[{"name":"wp","href":"https:\/\/api.w.org\/{rel}","templated":true}]}}